{"id":7098,"date":"2025-05-06T15:10:16","date_gmt":"2025-05-06T13:10:16","guid":{"rendered":"https:\/\/quadtrailsmarrakech.com\/about-quad-trails-marrakech\/gallery-and-videos\/"},"modified":"2026-02-09T13:50:04","modified_gmt":"2026-02-09T12:50:04","slug":"gallery-and-videos","status":"publish","type":"page","link":"https:\/\/quadtrailsmarrakech.com\/en\/about-quad-trails-marrakech\/gallery-and-videos\/","title":{"rendered":"Gallery and Videos"},"content":{"rendered":"<div class=\"yoast-breadcrumbs\"><span><span><a href=\"https:\/\/quadtrailsmarrakech.com\/en\/home\/\">Accueil<\/a><\/span> \u00bb <span><a href=\"https:\/\/quadtrailsmarrakech.com\/en\/about-quad-trails-marrakech\/\">About Quad Trails Marrakech<\/a><\/span> \u00bb <span class=\"breadcrumb_last\" aria-current=\"page\">Gallery and Videos<\/span><\/span><\/div>\n<h2 class=\"wp-block-heading\" id=\"h-galerie-et-videos\">Gallery and Videos<\/h2>\n\n<h3 class=\"wp-block-heading\" id=\"h-souvenirs-partages-avec-nbsp-vous\">Memories shared with you<\/h3>\n\n<div class=\"wp-block-columns is-layout-flex wp-container-core-columns-is-layout-9d6595d7 wp-block-columns-is-layout-flex\">\n<div class=\"wp-block-column is-layout-flow wp-block-column-is-layout-flow\">\n<figure class=\"wp-block-embed is-type-video is-provider-youtube wp-block-embed-youtube wp-embed-aspect-16-9 wp-has-aspect-ratio\"><div class=\"wp-block-embed__wrapper\">\n<iframe loading=\"lazy\" title=\"Quad buggy Camel Marrakech\" width=\"563\" height=\"1000\" src=\"https:\/\/www.youtube.com\/embed\/T5sGkQndEtY?feature=oembed\" frameborder=\"0\" allow=\"accelerometer; autoplay; clipboard-write; encrypted-media; gyroscope; picture-in-picture; web-share\" referrerpolicy=\"strict-origin-when-cross-origin\" allowfullscreen><\/iframe>\n<\/div><\/figure>\n<\/div>\n\n\n\n<div class=\"wp-block-column is-layout-flow wp-block-column-is-layout-flow\">\n<figure class=\"wp-block-embed is-type-video is-provider-youtube wp-block-embed-youtube wp-embed-aspect-19-9 wp-embed-aspect-16-9 wp-has-aspect-ratio wp-container-content-8d1725e3\"><div class=\"wp-block-embed__wrapper\">\n<iframe loading=\"lazy\" title=\"#quadtrailsmarrakech #quadmarrakech #marrakech #maroc #france #ispania\ud83c\uddea\ud83c\uddf8 #algeria #activitemarrakech\" width=\"563\" height=\"1000\" src=\"https:\/\/www.youtube.com\/embed\/fHYDwK-SsjA?feature=oembed\" frameborder=\"0\" allow=\"accelerometer; autoplay; clipboard-write; encrypted-media; gyroscope; picture-in-picture; web-share\" referrerpolicy=\"strict-origin-when-cross-origin\" allowfullscreen><\/iframe>\n<\/div><\/figure>\n<\/div>\n\n\n\n<div class=\"wp-block-column is-layout-flow wp-block-column-is-layout-flow\">\n<figure class=\"wp-block-embed is-type-video is-provider-youtube wp-block-embed-youtube wp-embed-aspect-19-9 wp-embed-aspect-16-9 wp-has-aspect-ratio wp-container-content-8d1725e3\"><div class=\"wp-block-embed__wrapper\">\n<iframe loading=\"lazy\" title=\"Buggy Marrakech #quadmarrakech #desert #agafay #quad_biking #atv #camel #buggy #excursion\" width=\"563\" height=\"1000\" src=\"https:\/\/www.youtube.com\/embed\/6nm0yQzGr7k?feature=oembed\" frameborder=\"0\" allow=\"accelerometer; autoplay; clipboard-write; encrypted-media; gyroscope; picture-in-picture; web-share\" referrerpolicy=\"strict-origin-when-cross-origin\" allowfullscreen><\/iframe>\n<\/div><\/figure>\n<\/div>\n<\/div>\n\n<div style=\"height:10px\" aria-hidden=\"true\" class=\"wp-block-spacer\"><\/div>\n\n<div class=\"wp-block-columns is-layout-flex wp-container-core-columns-is-layout-9d6595d7 wp-block-columns-is-layout-flex\">\n<div class=\"wp-block-column is-layout-flow wp-block-column-is-layout-flow\">\n<figure class=\"wp-block-embed is-type-video is-provider-youtube wp-block-embed-youtube wp-embed-aspect-16-9 wp-has-aspect-ratio\"><div class=\"wp-block-embed__wrapper\">\n<iframe loading=\"lazy\" title=\"Quad buggy Camel Marrakech #quadmarrakech #quad #desert #agafay #quad_biking #atv #buggy #camel\" width=\"563\" height=\"1000\" src=\"https:\/\/www.youtube.com\/embed\/mPDx7XGl1_w?feature=oembed\" frameborder=\"0\" allow=\"accelerometer; autoplay; clipboard-write; encrypted-media; gyroscope; picture-in-picture; web-share\" referrerpolicy=\"strict-origin-when-cross-origin\" allowfullscreen><\/iframe>\n<\/div><\/figure>\n<\/div>\n\n\n\n<div class=\"wp-block-column is-layout-flow wp-block-column-is-layout-flow\">\n<figure class=\"wp-block-embed is-type-video is-provider-youtube wp-block-embed-youtube wp-embed-aspect-16-9 wp-has-aspect-ratio\"><div class=\"wp-block-embed__wrapper\">\n<iframe loading=\"lazy\" title=\"#quadmarrakech #desert #agafay #quad #buggy #camel #excursion #activity\" width=\"563\" height=\"1000\" src=\"https:\/\/www.youtube.com\/embed\/N6ohXLMfSYk?feature=oembed\" frameborder=\"0\" allow=\"accelerometer; autoplay; clipboard-write; encrypted-media; gyroscope; picture-in-picture; web-share\" referrerpolicy=\"strict-origin-when-cross-origin\" allowfullscreen><\/iframe>\n<\/div><\/figure>\n<\/div>\n\n\n\n<div class=\"wp-block-column is-layout-flow wp-block-column-is-layout-flow\">\n<figure class=\"wp-block-embed is-type-video is-provider-youtube wp-block-embed-youtube wp-embed-aspect-16-9 wp-has-aspect-ratio\"><div class=\"wp-block-embed__wrapper\">\n<iframe loading=\"lazy\" title=\"Quad Marrakech Morocco #quadmarrakech #quad #desert #atv #agafay #quad_biking #camel #buggy\" width=\"563\" height=\"1000\" src=\"https:\/\/www.youtube.com\/embed\/vpOvD7qqoM4?feature=oembed\" frameborder=\"0\" allow=\"accelerometer; autoplay; clipboard-write; encrypted-media; gyroscope; picture-in-picture; web-share\" referrerpolicy=\"strict-origin-when-cross-origin\" allowfullscreen><\/iframe>\n<\/div><\/figure>\n<\/div>\n<\/div>\n\n<div style=\"height:10px\" aria-hidden=\"true\" class=\"wp-block-spacer\"><\/div>\n\n<div class=\"wp-block-columns is-layout-flex wp-container-core-columns-is-layout-9d6595d7 wp-block-columns-is-layout-flex\">\n<div class=\"wp-block-column is-layout-flow wp-block-column-is-layout-flow\">\n<figure class=\"wp-block-embed is-type-video is-provider-youtube wp-block-embed-youtube wp-embed-aspect-16-9 wp-has-aspect-ratio\"><div class=\"wp-block-embed__wrapper\">\n<iframe loading=\"lazy\" title=\"Camel Ride In Marrakech Morocco #quadmarrakech #quad #desert #agafay #quad_biking #buggy #camel\" width=\"563\" height=\"1000\" src=\"https:\/\/www.youtube.com\/embed\/P5hFZaHYIB8?feature=oembed\" frameborder=\"0\" allow=\"accelerometer; autoplay; clipboard-write; encrypted-media; gyroscope; picture-in-picture; web-share\" referrerpolicy=\"strict-origin-when-cross-origin\" allowfullscreen><\/iframe>\n<\/div><\/figure>\n<\/div>\n\n\n\n<div class=\"wp-block-column is-layout-flow wp-block-column-is-layout-flow\">\n<figure class=\"wp-block-embed is-type-video is-provider-youtube wp-block-embed-youtube wp-embed-aspect-16-9 wp-has-aspect-ratio\"><div class=\"wp-block-embed__wrapper\">\n<iframe loading=\"lazy\" title=\"Quad buggy Camel Marrakech #quadmarrakech #desert #quad_biking #agafay #buggy #atv #excursion\" width=\"563\" height=\"1000\" src=\"https:\/\/www.youtube.com\/embed\/6phhqqfV1S0?feature=oembed\" frameborder=\"0\" allow=\"accelerometer; autoplay; clipboard-write; encrypted-media; gyroscope; picture-in-picture; web-share\" referrerpolicy=\"strict-origin-when-cross-origin\" allowfullscreen><\/iframe>\n<\/div><\/figure>\n<\/div>\n\n\n\n<div class=\"wp-block-column is-layout-flow wp-block-column-is-layout-flow\">\n<figure class=\"wp-block-embed is-type-video is-provider-youtube wp-block-embed-youtube wp-embed-aspect-16-9 wp-has-aspect-ratio\"><div class=\"wp-block-embed__wrapper\">\n<iframe loading=\"lazy\" title=\"#quad #quadmarrakech #desert #marrakech_desert #quad_marrakrch #morocco #buggy #camel #balad_quad\" width=\"563\" height=\"1000\" src=\"https:\/\/www.youtube.com\/embed\/q36Ls2uuSmU?feature=oembed\" frameborder=\"0\" allow=\"accelerometer; autoplay; clipboard-write; encrypted-media; gyroscope; picture-in-picture; web-share\" referrerpolicy=\"strict-origin-when-cross-origin\" allowfullscreen><\/iframe>\n<\/div><\/figure>\n<\/div>\n<\/div>\n\n<div class=\"wp-block-group is-layout-grid wp-container-core-group-is-layout-9649a0d9 wp-block-group-is-layout-grid\"\/>\n\n<div class=\"wp-block-group is-layout-grid wp-container-core-group-is-layout-9649a0d9 wp-block-group-is-layout-grid\"\/>\n\n<hr class=\"wp-block-separator has-alpha-channel-opacity\"\/>\n\n<div class=\"wp-block-buttons is-layout-flex wp-block-buttons-is-layout-flex\">\n<div class=\"wp-block-button\"><a class=\"wp-block-button__link wp-element-button\" href=\"https:\/\/www.youtube.com\/@quad-trails-marrakech\/shorts\">View more<\/a><\/div>\n<\/div>\n\n<div style=\"height:10px\" aria-hidden=\"true\" class=\"wp-block-spacer\"><\/div>\n\n<p><a href=\"https:\/\/quadtrailsmarrakech.com\/en\/tour-tag\/marrakech-walk\/\">Balade Marrakech<\/a>, <a href=\"https:\/\/quadtrailsmarrakech.com\/en\/tour-tag\/marrakech-tour-experience\/\">Tour Marrakech<\/a>, <a href=\"https:\/\/quadtrailsmarrakech.com\/en\/tour-tag\/marrakech-excursion\/\">Excursion Marrakech<\/a>, <a href=\"https:\/\/quadtrailsmarrakech.com\/en\/tour-tag\/activities-in-marrakech\/\">Activit\u00e9s Marrakech<\/a>, <a href=\"https:\/\/quadtrailsmarrakech.com\/en\/tour-tag\/marrakech-adventure\/\">Aventure Marrakech<\/a>, <a href=\"https:\/\/quadtrailsmarrakech.com\/en\/tour-tag\/marrakech-tour\/\">Circuit Marrakech<\/a>, <a href=\"https:\/\/quadtrailsmarrakech.com\/en\/tour-tag\/visit-marrakech\/\">Visite Marrakech<\/a>, <a href=\"https:\/\/quadtrailsmarrakech.com\/en\/tour-tag\/marrakech-walking-tours\/\">Promenade Marrakech<\/a>, <a href=\"https:\/\/quadtrailsmarrakech.com\/en\/tour-tag\/exploring-marrakech\/\">Exploration Marrakech<\/a>, <a href=\"https:\/\/quadtrailsmarrakech.com\/en\/tour-tag\/discover-marrakech\/\">D\u00e9couverte Marrakech<\/a>, <a href=\"https:\/\/quadtrailsmarrakech.com\/en\/tour-tag\/safari-marrakech\/\">Safari Marrakech<\/a><\/p>\n\n<p>Retour \u00e0 : <a href=\"https:\/\/quadtrailsmarrakech.com\/en\/about-quad-trails-marrakech\/\">\u00c0 Propos de Quad Trails Marrakech<\/a><\/p>\n","protected":false},"excerpt":{"rendered":"<p>Gallery and Videos Memories shared with you Balade Marrakech, Tour Marrakech, Excursion Marrakech, Activit\u00e9s Marrakech, Aventure Marrakech, Circuit Marrakech, Visite Marrakech, Promenade Marrakech, Exploration Marrakech, D\u00e9couverte Marrakech, Safari Marrakech Retour \u00e0 : \u00c0 Propos de Quad Trails Marrakech<\/p>\n","protected":false},"author":1,"featured_media":7099,"parent":7095,"menu_order":0,"comment_status":"closed","ping_status":"closed","template":"","meta":{"footnotes":""},"class_list":["post-7098","page","type-page","status-publish","has-post-thumbnail","hentry"],"yoast_head":"<!-- This site is optimized with the Yoast SEO Premium plugin v26.6 (Yoast SEO v26.6) - https:\/\/yoast.com\/wordpress\/plugins\/seo\/ -->\n<title>Gallery and Videos - Quad Trails Marrakech<\/title>\n<meta name=\"description\" content=\"Gallery and Videos | Quad Trails Marrakech | Memories shared with you | Marrakech Ride, Marrakech Tour, Marrakech Excursion...\" \/>\n<meta name=\"robots\" content=\"index, follow, max-snippet:-1, max-image-preview:large, max-video-preview:-1\" \/>\n<link rel=\"canonical\" href=\"https:\/\/quadtrailsmarrakech.com\/en\/about-quad-trails-marrakech\/gallery-and-videos\/\" \/>\n<meta property=\"og:locale\" content=\"en_US\" \/>\n<meta property=\"og:type\" content=\"article\" \/>\n<meta property=\"og:title\" content=\"Gallery and Videos\" \/>\n<meta property=\"og:description\" content=\"Gallery and Videos | Quad Trails Marrakech | Memories shared with you | Marrakech Ride, Marrakech Tour, Marrakech Excursion...\" \/>\n<meta property=\"og:url\" content=\"https:\/\/quadtrailsmarrakech.com\/en\/about-quad-trails-marrakech\/gallery-and-videos\/\" \/>\n<meta property=\"og:site_name\" content=\"Quad Trails Marrakech\" \/>\n<meta property=\"article:modified_time\" content=\"2026-02-09T12:50:04+00:00\" \/>\n<meta property=\"og:image\" content=\"https:\/\/quadtrailsmarrakech.com\/wp-content\/uploads\/2025\/02\/Tour-en-Quad-a-Marrakech-Aventure-dans-le-Desert-de-la-Palmeraie-2.webp\" \/>\n\t<meta property=\"og:image:width\" content=\"1920\" \/>\n\t<meta property=\"og:image:height\" content=\"1280\" \/>\n\t<meta property=\"og:image:type\" content=\"image\/webp\" \/>\n<meta name=\"twitter:card\" content=\"summary_large_image\" \/>\n<meta name=\"twitter:label1\" content=\"Est. reading time\" \/>\n\t<meta name=\"twitter:data1\" content=\"1 minute\" \/>\n<script type=\"application\/ld+json\" class=\"yoast-schema-graph\">{\"@context\":\"https:\/\/schema.org\",\"@graph\":[{\"@type\":\"WebPage\",\"@id\":\"https:\/\/quadtrailsmarrakech.com\/en\/about-quad-trails-marrakech\/gallery-and-videos\/\",\"url\":\"https:\/\/quadtrailsmarrakech.com\/en\/about-quad-trails-marrakech\/gallery-and-videos\/\",\"name\":\"Gallery and Videos - Quad Trails Marrakech\",\"isPartOf\":{\"@id\":\"https:\/\/quadtrailsmarrakech.com\/en\/#website\"},\"primaryImageOfPage\":{\"@id\":\"https:\/\/quadtrailsmarrakech.com\/en\/about-quad-trails-marrakech\/gallery-and-videos\/#primaryimage\"},\"image\":{\"@id\":\"https:\/\/quadtrailsmarrakech.com\/en\/about-quad-trails-marrakech\/gallery-and-videos\/#primaryimage\"},\"thumbnailUrl\":\"https:\/\/quadtrailsmarrakech.com\/wp-content\/uploads\/2025\/02\/Tour-en-Quad-a-Marrakech-Aventure-dans-le-Desert-de-la-Palmeraie-2.webp\",\"datePublished\":\"2025-05-06T13:10:16+00:00\",\"dateModified\":\"2026-02-09T12:50:04+00:00\",\"description\":\"Gallery and Videos | Quad Trails Marrakech | Memories shared with you | Marrakech Ride, Marrakech Tour, Marrakech Excursion...\",\"breadcrumb\":{\"@id\":\"https:\/\/quadtrailsmarrakech.com\/en\/about-quad-trails-marrakech\/gallery-and-videos\/#breadcrumb\"},\"inLanguage\":\"en-US\",\"potentialAction\":[{\"@type\":\"ReadAction\",\"target\":[\"https:\/\/quadtrailsmarrakech.com\/en\/about-quad-trails-marrakech\/gallery-and-videos\/\"]}]},{\"@type\":\"ImageObject\",\"inLanguage\":\"en-US\",\"@id\":\"https:\/\/quadtrailsmarrakech.com\/en\/about-quad-trails-marrakech\/gallery-and-videos\/#primaryimage\",\"url\":\"https:\/\/quadtrailsmarrakech.com\/wp-content\/uploads\/2025\/02\/Tour-en-Quad-a-Marrakech-Aventure-dans-le-Desert-de-la-Palmeraie-2.webp\",\"contentUrl\":\"https:\/\/quadtrailsmarrakech.com\/wp-content\/uploads\/2025\/02\/Tour-en-Quad-a-Marrakech-Aventure-dans-le-Desert-de-la-Palmeraie-2.webp\",\"width\":1920,\"height\":1280,\"caption\":\"Tour en Quad \u00e0 Marrakech Aventure dans le D\u00e9sert de la Palmeraie\"},{\"@type\":\"BreadcrumbList\",\"@id\":\"https:\/\/quadtrailsmarrakech.com\/en\/about-quad-trails-marrakech\/gallery-and-videos\/#breadcrumb\",\"itemListElement\":[{\"@type\":\"ListItem\",\"position\":1,\"name\":\"Accueil\",\"item\":\"https:\/\/quadtrailsmarrakech.com\/en\/home\/\"},{\"@type\":\"ListItem\",\"position\":2,\"name\":\"About Quad Trails Marrakech\",\"item\":\"https:\/\/quadtrailsmarrakech.com\/en\/about-quad-trails-marrakech\/\"},{\"@type\":\"ListItem\",\"position\":3,\"name\":\"Gallery and Videos\"}]},{\"@type\":\"WebSite\",\"@id\":\"https:\/\/quadtrailsmarrakech.com\/en\/#website\",\"url\":\"https:\/\/quadtrailsmarrakech.com\/en\/\",\"name\":\"Quad Trails Marrakech\",\"description\":\"Excursions en Quad Marrakech, Buggy et Balades \u00e0 Dos de Chameau\",\"potentialAction\":[{\"@type\":\"SearchAction\",\"target\":{\"@type\":\"EntryPoint\",\"urlTemplate\":\"https:\/\/quadtrailsmarrakech.com\/en\/?s={search_term_string}\"},\"query-input\":{\"@type\":\"PropertyValueSpecification\",\"valueRequired\":true,\"valueName\":\"search_term_string\"}}],\"inLanguage\":\"en-US\"}]}<\/script>\n<!-- \/ Yoast SEO Premium plugin. -->","yoast_head_json":{"title":"Gallery and Videos - Quad Trails Marrakech","description":"Gallery and Videos | Quad Trails Marrakech | Memories shared with you | Marrakech Ride, Marrakech Tour, Marrakech Excursion...","robots":{"index":"index","follow":"follow","max-snippet":"max-snippet:-1","max-image-preview":"max-image-preview:large","max-video-preview":"max-video-preview:-1"},"canonical":"https:\/\/quadtrailsmarrakech.com\/en\/about-quad-trails-marrakech\/gallery-and-videos\/","og_locale":"en_US","og_type":"article","og_title":"Gallery and Videos","og_description":"Gallery and Videos | Quad Trails Marrakech | Memories shared with you | Marrakech Ride, Marrakech Tour, Marrakech Excursion...","og_url":"https:\/\/quadtrailsmarrakech.com\/en\/about-quad-trails-marrakech\/gallery-and-videos\/","og_site_name":"Quad Trails Marrakech","article_modified_time":"2026-02-09T12:50:04+00:00","og_image":[{"width":1920,"height":1280,"url":"https:\/\/quadtrailsmarrakech.com\/wp-content\/uploads\/2025\/02\/Tour-en-Quad-a-Marrakech-Aventure-dans-le-Desert-de-la-Palmeraie-2.webp","type":"image\/webp"}],"twitter_card":"summary_large_image","twitter_misc":{"Est. reading time":"1 minute"},"schema":{"@context":"https:\/\/schema.org","@graph":[{"@type":"WebPage","@id":"https:\/\/quadtrailsmarrakech.com\/en\/about-quad-trails-marrakech\/gallery-and-videos\/","url":"https:\/\/quadtrailsmarrakech.com\/en\/about-quad-trails-marrakech\/gallery-and-videos\/","name":"Gallery and Videos - Quad Trails Marrakech","isPartOf":{"@id":"https:\/\/quadtrailsmarrakech.com\/en\/#website"},"primaryImageOfPage":{"@id":"https:\/\/quadtrailsmarrakech.com\/en\/about-quad-trails-marrakech\/gallery-and-videos\/#primaryimage"},"image":{"@id":"https:\/\/quadtrailsmarrakech.com\/en\/about-quad-trails-marrakech\/gallery-and-videos\/#primaryimage"},"thumbnailUrl":"https:\/\/quadtrailsmarrakech.com\/wp-content\/uploads\/2025\/02\/Tour-en-Quad-a-Marrakech-Aventure-dans-le-Desert-de-la-Palmeraie-2.webp","datePublished":"2025-05-06T13:10:16+00:00","dateModified":"2026-02-09T12:50:04+00:00","description":"Gallery and Videos | Quad Trails Marrakech | Memories shared with you | Marrakech Ride, Marrakech Tour, Marrakech Excursion...","breadcrumb":{"@id":"https:\/\/quadtrailsmarrakech.com\/en\/about-quad-trails-marrakech\/gallery-and-videos\/#breadcrumb"},"inLanguage":"en-US","potentialAction":[{"@type":"ReadAction","target":["https:\/\/quadtrailsmarrakech.com\/en\/about-quad-trails-marrakech\/gallery-and-videos\/"]}]},{"@type":"ImageObject","inLanguage":"en-US","@id":"https:\/\/quadtrailsmarrakech.com\/en\/about-quad-trails-marrakech\/gallery-and-videos\/#primaryimage","url":"https:\/\/quadtrailsmarrakech.com\/wp-content\/uploads\/2025\/02\/Tour-en-Quad-a-Marrakech-Aventure-dans-le-Desert-de-la-Palmeraie-2.webp","contentUrl":"https:\/\/quadtrailsmarrakech.com\/wp-content\/uploads\/2025\/02\/Tour-en-Quad-a-Marrakech-Aventure-dans-le-Desert-de-la-Palmeraie-2.webp","width":1920,"height":1280,"caption":"Tour en Quad \u00e0 Marrakech Aventure dans le D\u00e9sert de la Palmeraie"},{"@type":"BreadcrumbList","@id":"https:\/\/quadtrailsmarrakech.com\/en\/about-quad-trails-marrakech\/gallery-and-videos\/#breadcrumb","itemListElement":[{"@type":"ListItem","position":1,"name":"Accueil","item":"https:\/\/quadtrailsmarrakech.com\/en\/home\/"},{"@type":"ListItem","position":2,"name":"About Quad Trails Marrakech","item":"https:\/\/quadtrailsmarrakech.com\/en\/about-quad-trails-marrakech\/"},{"@type":"ListItem","position":3,"name":"Gallery and Videos"}]},{"@type":"WebSite","@id":"https:\/\/quadtrailsmarrakech.com\/en\/#website","url":"https:\/\/quadtrailsmarrakech.com\/en\/","name":"Quad Trails Marrakech","description":"Excursions en Quad Marrakech, Buggy et Balades \u00e0 Dos de Chameau","potentialAction":[{"@type":"SearchAction","target":{"@type":"EntryPoint","urlTemplate":"https:\/\/quadtrailsmarrakech.com\/en\/?s={search_term_string}"},"query-input":{"@type":"PropertyValueSpecification","valueRequired":true,"valueName":"search_term_string"}}],"inLanguage":"en-US"}]}},"_links":{"self":[{"href":"https:\/\/quadtrailsmarrakech.com\/en\/wp-json\/wp\/v2\/pages\/7098","targetHints":{"allow":["GET"]}}],"collection":[{"href":"https:\/\/quadtrailsmarrakech.com\/en\/wp-json\/wp\/v2\/pages"}],"about":[{"href":"https:\/\/quadtrailsmarrakech.com\/en\/wp-json\/wp\/v2\/types\/page"}],"author":[{"embeddable":true,"href":"https:\/\/quadtrailsmarrakech.com\/en\/wp-json\/wp\/v2\/users\/1"}],"replies":[{"embeddable":true,"href":"https:\/\/quadtrailsmarrakech.com\/en\/wp-json\/wp\/v2\/comments?post=7098"}],"version-history":[{"count":2,"href":"https:\/\/quadtrailsmarrakech.com\/en\/wp-json\/wp\/v2\/pages\/7098\/revisions"}],"predecessor-version":[{"id":7589,"href":"https:\/\/quadtrailsmarrakech.com\/en\/wp-json\/wp\/v2\/pages\/7098\/revisions\/7589"}],"up":[{"embeddable":true,"href":"https:\/\/quadtrailsmarrakech.com\/en\/wp-json\/wp\/v2\/pages\/7095"}],"wp:featuredmedia":[{"embeddable":true,"href":"https:\/\/quadtrailsmarrakech.com\/en\/wp-json\/wp\/v2\/media\/7099"}],"wp:attachment":[{"href":"https:\/\/quadtrailsmarrakech.com\/en\/wp-json\/wp\/v2\/media?parent=7098"}],"curies":[{"name":"wp","href":"https:\/\/api.w.org\/{rel}","templated":true}]}}