{"id":7124,"date":"2025-05-22T13:20:00","date_gmt":"2025-05-22T11:20:00","guid":{"rendered":"https:\/\/quadtrailsmarrakech.com\/unforgettable-activities-in-marrakech-quad-biking-buggying-and-more\/"},"modified":"2025-12-19T01:42:47","modified_gmt":"2025-12-19T00:42:47","slug":"unforgettable-activities-in-marrakech-quad-biking-buggying-and-more","status":"publish","type":"page","link":"https:\/\/quadtrailsmarrakech.com\/en\/unforgettable-activities-in-marrakech-quad-biking-buggying-and-more\/","title":{"rendered":"UNFORGETTABLE ACTIVITIES IN MARRAKECH: QUAD BIKING, BUGGYING AND MORE!"},"content":{"rendered":"<div class=\"yoast-breadcrumbs\"><span><span><a href=\"https:\/\/quadtrailsmarrakech.com\/en\/home\/\">Accueil<\/a><\/span> \u00bb <span class=\"breadcrumb_last\" aria-current=\"page\">UNFORGETTABLE ACTIVITIES IN MARRAKECH: QUAD BIKING, BUGGYING AND MORE!<\/span><\/span><\/div>\n<p>Looking for an unforgettable <strong>quad biking experience in Marrakech<\/strong>? Combine quad biking and a camel ride now! <a href=\"https:\/\/quadtrailsmarrakech.com\/contact\/\"><strong>Book<\/strong> <\/a>via our <strong><a href=\"https:\/\/api.whatsapp.com\/send?phone=212668596716\">website or WhatsApp.<\/a><\/strong> <\/p>\n\n<figure class=\"wp-block-embed is-type-video is-provider-tiktok wp-block-embed-tiktok\"><div class=\"wp-block-embed__wrapper\">\n<blockquote class=\"tiktok-embed\" cite=\"https:\/\/www.tiktok.com\/@quadtrailsmarrakech\/video\/7490356725434846519\" data-video-id=\"7490356725434846519\" data-embed-from=\"oembed\" style=\"max-width:605px; min-width:325px;\"> <section> <a target=\"_blank\" title=\"@quadtrailsmarrakech\" href=\"https:\/\/www.tiktok.com\/@quadtrailsmarrakech?refer=embed\">@quadtrailsmarrakech<\/a> <p>Bienvenues \u00e0 tous chez nous  Meilleurs services avec un bon prix Pour toutes les activit\u00e9s dans la Palmeraie ou  D\u00e9sert D&#8217;agafay    &#8211; Tour Quad     &#8211; Tour Buggy     &#8211; Tour Chameaux     &#8211; Vol Montgolfi\u00e8re     &#8211; D\u00eener &#038; Spectacle     &#8211; Service Tronsport Touristiques Plus d&#8217;infos : +212689406803 +212668596716 www.quad-trails-marrakech.com . . . . <a title=\"quadtrailsmarrakech\" target=\"_blank\" href=\"https:\/\/www.tiktok.com\/tag\/quadtrailsmarrakech?refer=embed\">#quadtrailsmarrakech<\/a> <a title=\"quadmarrakech\" target=\"_blank\" href=\"https:\/\/www.tiktok.com\/tag\/quadmarrakech?refer=embed\">#quadmarrakech<\/a> <a title=\"marrakech\" target=\"_blank\" href=\"https:\/\/www.tiktok.com\/tag\/marrakech?refer=embed\">#marrakech<\/a> <a title=\"maroc\" target=\"_blank\" href=\"https:\/\/www.tiktok.com\/tag\/maroc?refer=embed\">#maroc<\/a> <a title=\"france\" target=\"_blank\" href=\"https:\/\/www.tiktok.com\/tag\/france?refer=embed\">#france<\/a> <a title=\"ispania\ud83c\uddea\ud83c\uddf8\" target=\"_blank\" href=\"https:\/\/www.tiktok.com\/tag\/ispania%F0%9F%87%AA%F0%9F%87%B8?refer=embed\">#ispania\ud83c\uddea\ud83c\uddf8<\/a> <a title=\"algeria\" target=\"_blank\" href=\"https:\/\/www.tiktok.com\/tag\/algeria?refer=embed\">#algeria<\/a> <a title=\"activitemarrakech\" target=\"_blank\" href=\"https:\/\/www.tiktok.com\/tag\/activitemarrakech?refer=embed\">#activitemarrakech<\/a> <a title=\"tiktokviral\" target=\"_blank\" href=\"https:\/\/www.tiktok.com\/tag\/tiktokviral?refer=embed\">#tiktokviral<\/a> <\/p> <a target=\"_blank\" title=\"\u266c sonido original - viva Shakira\" href=\"https:\/\/www.tiktok.com\/music\/sonido-original-7469563333453024055?refer=embed\">\u266c sonido original &#8211; viva Shakira<\/a> <\/section> <\/blockquote> <script async src=\"https:\/\/www.tiktok.com\/embed.js\"><\/script>\n<\/div><\/figure>\n\n<h2 class=\"wp-block-heading\"><strong>NOS MEILLEURES ACTIVIT\u00c9S<\/strong><\/h2>\n\n<h3 class=\"wp-block-heading\"><strong><a href=\"https:\/\/quadtrailsmarrakech.com\/tour-category\/quad-a-marrakech\/\">QUAD BIKES IN MARRAKECH<\/a><\/strong><\/h3>\n\n<ul class=\"wp-block-list\">\n<li><strong><a href=\"https:\/\/quadtrailsmarrakech.com\/tour-category\/palmeraie-package\/\">Palm Grove<\/a><\/strong> (1-2 hours) \u2013 Perfect for beginners<\/li>\n\n\n\n<li><strong><a href=\"https:\/\/quadtrailsmarrakech.com\/tour-category\/agafay-desert-package\/\">Agafay Desert<\/a><\/strong> (2-4 hours) \u2013 Wide open spaces &amp; views of the Atlas Mountains<\/li>\n\n\n\n<li><strong><a href=\"https:\/\/quadtrailsmarrakech.com\/tour-destination\/lac-lalla-takerkoust\/\">Lake Lalla Takerkoust <\/a><\/strong>\u2013 Discovering Berber villages<\/li>\n\n\n\n<li><strong><a href=\"https:\/\/quadtrailsmarrakech.com\/tour-category\/excursion-au-coucher-du-soleil\/\">Sunset Quad<\/a><\/strong> \u2013 A magical ride at sunset<\/li>\n<\/ul>\n\n<h3 class=\"wp-block-heading\"><strong><a href=\"https:\/\/quadtrailsmarrakech.com\/tour-category\/buggy-a-marrakech\/\">BUGGY IN MARRAKECH<\/a><\/strong><\/h3>\n\n<ul class=\"wp-block-list\">\n<li><strong><a href=\"https:\/\/quadtrailsmarrakech.com\/tour-tag\/circuit-marrakech\/\">Sporty Marrakech circuit<\/a><\/strong> on the desert tracks<\/li>\n\n\n\n<li><strong><a href=\"https:\/\/quadtrailsmarrakech.com\/tour-category\/buggy-a-marrakech\/\">2-seater buggy<\/a><\/strong> (ideal for two people)<\/li>\n\n\n\n<li>Quad + Buggy <a href=\"https:\/\/quadtrailsmarrakech.com\/tour-category\/palmeraie-package\/\"><strong>combination<\/strong> <\/a>for a change of pace<\/li>\n<\/ul>\n\n<h3 class=\"wp-block-heading\"><strong>OTHER EXPERIENCES<\/strong><\/h3>\n\n<ul class=\"wp-block-list\">\n<li><a href=\"https:\/\/quadtrailsmarrakech.com\/tour-category\/balades-a-dos-de-chameau-a-marrakech\/\">Camel rides in Marrakech<\/a><\/li>\n\n\n\n<li><a href=\"https:\/\/quadtrailsmarrakech.com\/tour-activity\/activites-de-vol\/\">Flying Activities<\/a><\/li>\n\n\n\n<li><a href=\"https:\/\/quadtrailsmarrakech.com\/tour-activity\/diners-spectacles\/\">D\u00eeners Spectacles<\/a><\/li>\n\n\n\n<li><a href=\"https:\/\/quadtrailsmarrakech.com\/tour-activity\/piscines-a-marrakech\/\">Swimming pools in Marrakech<\/a><\/li>\n<\/ul>\n\n<h2 class=\"wp-block-heading\"><strong>POURQUOI CHOISIR QUAD TRAILS MARRAKECH ?<\/strong><\/h2>\n\n<p><strong>\u2714 Professional guides<\/strong><br\/><strong>\u2714 Top-of-the-line equipment <\/strong>(new ATVs, helmets, gear)<br\/><strong>\u2714 Transfer included <\/strong>from your hotel\/riad<br\/><strong>\u2714 Private options<\/strong> (on request)<br\/><strong>\u2714 Ecotourism<\/strong> \u2013 Respect for natural areas<\/p>\n\n<h3 class=\"wp-block-heading\"><strong>PRACTICAL INFORMATION<\/strong><\/h3>\n\n<ul class=\"wp-block-list\">\n<li><strong>Duration<\/strong>: From 1 hour to a full day<\/li>\n\n\n\n<li><strong>Level<\/strong>: Beginner to advanced (suitable for all)<\/li>\n\n\n\n<li><strong>Booking<\/strong>: Via our website <a href=\"https:\/\/quadtrailsmarrakech.com\/contact\/\">contact<\/a> or <a href=\"https:\/\/api.whatsapp.com\/send?phone=212668596716\">WhatsApp<\/a> <\/li>\n<\/ul>\n","protected":false},"excerpt":{"rendered":"<p>Looking for an unforgettable quad biking experience in Marrakech? Combine quad biking and a camel ride now! Book via our website or WhatsApp. NOS MEILLEURES ACTIVIT\u00c9S QUAD BIKES IN MARRAKECH BUGGY IN MARRAKECH OTHER EXPERIENCES POURQUOI CHOISIR QUAD TRAILS MARRAKECH ? \u2714 Professional guides\u2714 Top-of-the-line equipment (new ATVs, helmets, gear)\u2714 Transfer included from your hotel\/riad\u2714 [&hellip;]<\/p>\n","protected":false},"author":1,"featured_media":7046,"parent":0,"menu_order":0,"comment_status":"closed","ping_status":"closed","template":"","meta":{"footnotes":""},"class_list":["post-7124","page","type-page","status-publish","has-post-thumbnail","hentry"],"yoast_head":"<!-- This site is optimized with the Yoast SEO Premium plugin v26.6 (Yoast SEO v26.6) - https:\/\/yoast.com\/wordpress\/plugins\/seo\/ -->\n<title>UNFORGETTABLE ACTIVITIES IN MARRAKECH: QUAD BIKING, BUGGYING AND MORE!<\/title>\n<meta name=\"description\" content=\"Envie d&#039;une exp\u00e9rience inoubliable quad \u00e0 Marrakech ? Faites du quad et profitez d&#039;un tour en chameau d\u00e8s maintenant ! R\u00e9servez Maintenant !\" \/>\n<meta name=\"robots\" content=\"index, follow, max-snippet:-1, max-image-preview:large, max-video-preview:-1\" \/>\n<link rel=\"canonical\" href=\"https:\/\/quadtrailsmarrakech.com\/en\/unforgettable-activities-in-marrakech-quad-biking-buggying-and-more\/\" \/>\n<meta property=\"og:locale\" content=\"en_US\" \/>\n<meta property=\"og:type\" content=\"article\" \/>\n<meta property=\"og:title\" content=\"UNFORGETTABLE ACTIVITIES IN MARRAKECH: QUAD BIKING, BUGGYING AND MORE!\" \/>\n<meta property=\"og:description\" content=\"Envie d&#039;une exp\u00e9rience inoubliable quad \u00e0 Marrakech ? Faites du quad et profitez d&#039;un tour en chameau d\u00e8s maintenant ! R\u00e9servez Maintenant !\" \/>\n<meta property=\"og:url\" content=\"https:\/\/quadtrailsmarrakech.com\/en\/unforgettable-activities-in-marrakech-quad-biking-buggying-and-more\/\" \/>\n<meta property=\"og:site_name\" content=\"Quad Trails Marrakech\" \/>\n<meta property=\"article:modified_time\" content=\"2025-12-19T00:42:47+00:00\" \/>\n<meta property=\"og:image\" content=\"https:\/\/quadtrailsmarrakech.com\/wp-content\/uploads\/2025\/05\/ACTIVITES-INOUBLIABLES-A-MARRAKECH-QUAD-BUGGY-ET-PLUS-.webp\" \/>\n\t<meta property=\"og:image:width\" content=\"570\" \/>\n\t<meta property=\"og:image:height\" content=\"720\" \/>\n\t<meta property=\"og:image:type\" content=\"image\/webp\" \/>\n<meta name=\"twitter:card\" content=\"summary_large_image\" \/>\n<meta name=\"twitter:label1\" content=\"Est. reading time\" \/>\n\t<meta name=\"twitter:data1\" content=\"1 minute\" \/>\n<script type=\"application\/ld+json\" class=\"yoast-schema-graph\">{\"@context\":\"https:\/\/schema.org\",\"@graph\":[{\"@type\":\"WebPage\",\"@id\":\"https:\/\/quadtrailsmarrakech.com\/en\/unforgettable-activities-in-marrakech-quad-biking-buggying-and-more\/\",\"url\":\"https:\/\/quadtrailsmarrakech.com\/en\/unforgettable-activities-in-marrakech-quad-biking-buggying-and-more\/\",\"name\":\"UNFORGETTABLE ACTIVITIES IN MARRAKECH: QUAD BIKING, BUGGYING AND MORE!\",\"isPartOf\":{\"@id\":\"https:\/\/quadtrailsmarrakech.com\/en\/#website\"},\"primaryImageOfPage\":{\"@id\":\"https:\/\/quadtrailsmarrakech.com\/en\/unforgettable-activities-in-marrakech-quad-biking-buggying-and-more\/#primaryimage\"},\"image\":{\"@id\":\"https:\/\/quadtrailsmarrakech.com\/en\/unforgettable-activities-in-marrakech-quad-biking-buggying-and-more\/#primaryimage\"},\"thumbnailUrl\":\"https:\/\/quadtrailsmarrakech.com\/wp-content\/uploads\/2025\/05\/ACTIVITES-INOUBLIABLES-A-MARRAKECH-QUAD-BUGGY-ET-PLUS-.webp\",\"datePublished\":\"2025-05-22T11:20:00+00:00\",\"dateModified\":\"2025-12-19T00:42:47+00:00\",\"description\":\"Envie d'une exp\u00e9rience inoubliable quad \u00e0 Marrakech ? Faites du quad et profitez d'un tour en chameau d\u00e8s maintenant ! R\u00e9servez Maintenant !\",\"breadcrumb\":{\"@id\":\"https:\/\/quadtrailsmarrakech.com\/en\/unforgettable-activities-in-marrakech-quad-biking-buggying-and-more\/#breadcrumb\"},\"inLanguage\":\"en-US\",\"potentialAction\":[{\"@type\":\"ReadAction\",\"target\":[\"https:\/\/quadtrailsmarrakech.com\/en\/unforgettable-activities-in-marrakech-quad-biking-buggying-and-more\/\"]}]},{\"@type\":\"ImageObject\",\"inLanguage\":\"en-US\",\"@id\":\"https:\/\/quadtrailsmarrakech.com\/en\/unforgettable-activities-in-marrakech-quad-biking-buggying-and-more\/#primaryimage\",\"url\":\"https:\/\/quadtrailsmarrakech.com\/wp-content\/uploads\/2025\/05\/ACTIVITES-INOUBLIABLES-A-MARRAKECH-QUAD-BUGGY-ET-PLUS-.webp\",\"contentUrl\":\"https:\/\/quadtrailsmarrakech.com\/wp-content\/uploads\/2025\/05\/ACTIVITES-INOUBLIABLES-A-MARRAKECH-QUAD-BUGGY-ET-PLUS-.webp\",\"width\":570,\"height\":720,\"caption\":\"Unforgettable quad, buggy, and adventure activities in Marrakech\"},{\"@type\":\"BreadcrumbList\",\"@id\":\"https:\/\/quadtrailsmarrakech.com\/en\/unforgettable-activities-in-marrakech-quad-biking-buggying-and-more\/#breadcrumb\",\"itemListElement\":[{\"@type\":\"ListItem\",\"position\":1,\"name\":\"Accueil\",\"item\":\"https:\/\/quadtrailsmarrakech.com\/en\/home\/\"},{\"@type\":\"ListItem\",\"position\":2,\"name\":\"UNFORGETTABLE ACTIVITIES IN MARRAKECH: QUAD BIKING, BUGGYING AND MORE!\"}]},{\"@type\":\"WebSite\",\"@id\":\"https:\/\/quadtrailsmarrakech.com\/en\/#website\",\"url\":\"https:\/\/quadtrailsmarrakech.com\/en\/\",\"name\":\"Quad Trails Marrakech\",\"description\":\"Excursions en Quad Marrakech, Buggy et Balades \u00e0 Dos de Chameau\",\"potentialAction\":[{\"@type\":\"SearchAction\",\"target\":{\"@type\":\"EntryPoint\",\"urlTemplate\":\"https:\/\/quadtrailsmarrakech.com\/en\/?s={search_term_string}\"},\"query-input\":{\"@type\":\"PropertyValueSpecification\",\"valueRequired\":true,\"valueName\":\"search_term_string\"}}],\"inLanguage\":\"en-US\"}]}<\/script>\n<!-- \/ Yoast SEO Premium plugin. -->","yoast_head_json":{"title":"UNFORGETTABLE ACTIVITIES IN MARRAKECH: QUAD BIKING, BUGGYING AND MORE!","description":"Envie d'une exp\u00e9rience inoubliable quad \u00e0 Marrakech ? Faites du quad et profitez d'un tour en chameau d\u00e8s maintenant ! R\u00e9servez Maintenant !","robots":{"index":"index","follow":"follow","max-snippet":"max-snippet:-1","max-image-preview":"max-image-preview:large","max-video-preview":"max-video-preview:-1"},"canonical":"https:\/\/quadtrailsmarrakech.com\/en\/unforgettable-activities-in-marrakech-quad-biking-buggying-and-more\/","og_locale":"en_US","og_type":"article","og_title":"UNFORGETTABLE ACTIVITIES IN MARRAKECH: QUAD BIKING, BUGGYING AND MORE!","og_description":"Envie d'une exp\u00e9rience inoubliable quad \u00e0 Marrakech ? Faites du quad et profitez d'un tour en chameau d\u00e8s maintenant ! R\u00e9servez Maintenant !","og_url":"https:\/\/quadtrailsmarrakech.com\/en\/unforgettable-activities-in-marrakech-quad-biking-buggying-and-more\/","og_site_name":"Quad Trails Marrakech","article_modified_time":"2025-12-19T00:42:47+00:00","og_image":[{"width":570,"height":720,"url":"https:\/\/quadtrailsmarrakech.com\/wp-content\/uploads\/2025\/05\/ACTIVITES-INOUBLIABLES-A-MARRAKECH-QUAD-BUGGY-ET-PLUS-.webp","type":"image\/webp"}],"twitter_card":"summary_large_image","twitter_misc":{"Est. reading time":"1 minute"},"schema":{"@context":"https:\/\/schema.org","@graph":[{"@type":"WebPage","@id":"https:\/\/quadtrailsmarrakech.com\/en\/unforgettable-activities-in-marrakech-quad-biking-buggying-and-more\/","url":"https:\/\/quadtrailsmarrakech.com\/en\/unforgettable-activities-in-marrakech-quad-biking-buggying-and-more\/","name":"UNFORGETTABLE ACTIVITIES IN MARRAKECH: QUAD BIKING, BUGGYING AND MORE!","isPartOf":{"@id":"https:\/\/quadtrailsmarrakech.com\/en\/#website"},"primaryImageOfPage":{"@id":"https:\/\/quadtrailsmarrakech.com\/en\/unforgettable-activities-in-marrakech-quad-biking-buggying-and-more\/#primaryimage"},"image":{"@id":"https:\/\/quadtrailsmarrakech.com\/en\/unforgettable-activities-in-marrakech-quad-biking-buggying-and-more\/#primaryimage"},"thumbnailUrl":"https:\/\/quadtrailsmarrakech.com\/wp-content\/uploads\/2025\/05\/ACTIVITES-INOUBLIABLES-A-MARRAKECH-QUAD-BUGGY-ET-PLUS-.webp","datePublished":"2025-05-22T11:20:00+00:00","dateModified":"2025-12-19T00:42:47+00:00","description":"Envie d'une exp\u00e9rience inoubliable quad \u00e0 Marrakech ? Faites du quad et profitez d'un tour en chameau d\u00e8s maintenant ! R\u00e9servez Maintenant !","breadcrumb":{"@id":"https:\/\/quadtrailsmarrakech.com\/en\/unforgettable-activities-in-marrakech-quad-biking-buggying-and-more\/#breadcrumb"},"inLanguage":"en-US","potentialAction":[{"@type":"ReadAction","target":["https:\/\/quadtrailsmarrakech.com\/en\/unforgettable-activities-in-marrakech-quad-biking-buggying-and-more\/"]}]},{"@type":"ImageObject","inLanguage":"en-US","@id":"https:\/\/quadtrailsmarrakech.com\/en\/unforgettable-activities-in-marrakech-quad-biking-buggying-and-more\/#primaryimage","url":"https:\/\/quadtrailsmarrakech.com\/wp-content\/uploads\/2025\/05\/ACTIVITES-INOUBLIABLES-A-MARRAKECH-QUAD-BUGGY-ET-PLUS-.webp","contentUrl":"https:\/\/quadtrailsmarrakech.com\/wp-content\/uploads\/2025\/05\/ACTIVITES-INOUBLIABLES-A-MARRAKECH-QUAD-BUGGY-ET-PLUS-.webp","width":570,"height":720,"caption":"Unforgettable quad, buggy, and adventure activities in Marrakech"},{"@type":"BreadcrumbList","@id":"https:\/\/quadtrailsmarrakech.com\/en\/unforgettable-activities-in-marrakech-quad-biking-buggying-and-more\/#breadcrumb","itemListElement":[{"@type":"ListItem","position":1,"name":"Accueil","item":"https:\/\/quadtrailsmarrakech.com\/en\/home\/"},{"@type":"ListItem","position":2,"name":"UNFORGETTABLE ACTIVITIES IN MARRAKECH: QUAD BIKING, BUGGYING AND MORE!"}]},{"@type":"WebSite","@id":"https:\/\/quadtrailsmarrakech.com\/en\/#website","url":"https:\/\/quadtrailsmarrakech.com\/en\/","name":"Quad Trails Marrakech","description":"Excursions en Quad Marrakech, Buggy et Balades \u00e0 Dos de Chameau","potentialAction":[{"@type":"SearchAction","target":{"@type":"EntryPoint","urlTemplate":"https:\/\/quadtrailsmarrakech.com\/en\/?s={search_term_string}"},"query-input":{"@type":"PropertyValueSpecification","valueRequired":true,"valueName":"search_term_string"}}],"inLanguage":"en-US"}]}},"_links":{"self":[{"href":"https:\/\/quadtrailsmarrakech.com\/en\/wp-json\/wp\/v2\/pages\/7124","targetHints":{"allow":["GET"]}}],"collection":[{"href":"https:\/\/quadtrailsmarrakech.com\/en\/wp-json\/wp\/v2\/pages"}],"about":[{"href":"https:\/\/quadtrailsmarrakech.com\/en\/wp-json\/wp\/v2\/types\/page"}],"author":[{"embeddable":true,"href":"https:\/\/quadtrailsmarrakech.com\/en\/wp-json\/wp\/v2\/users\/1"}],"replies":[{"embeddable":true,"href":"https:\/\/quadtrailsmarrakech.com\/en\/wp-json\/wp\/v2\/comments?post=7124"}],"version-history":[{"count":1,"href":"https:\/\/quadtrailsmarrakech.com\/en\/wp-json\/wp\/v2\/pages\/7124\/revisions"}],"predecessor-version":[{"id":7125,"href":"https:\/\/quadtrailsmarrakech.com\/en\/wp-json\/wp\/v2\/pages\/7124\/revisions\/7125"}],"wp:featuredmedia":[{"embeddable":true,"href":"https:\/\/quadtrailsmarrakech.com\/en\/wp-json\/wp\/v2\/media\/7046"}],"wp:attachment":[{"href":"https:\/\/quadtrailsmarrakech.com\/en\/wp-json\/wp\/v2\/media?parent=7124"}],"curies":[{"name":"wp","href":"https:\/\/api.w.org\/{rel}","templated":true}]}}