{"id":7151,"date":"2025-03-29T04:03:42","date_gmt":"2025-03-29T03:03:42","guid":{"rendered":"https:\/\/quadtrailsmarrakech.com\/general-faqs\/"},"modified":"2025-12-19T03:28:25","modified_gmt":"2025-12-19T02:28:25","slug":"general-faqs","status":"publish","type":"page","link":"https:\/\/quadtrailsmarrakech.com\/en\/general-faqs\/","title":{"rendered":"General FAQs"},"content":{"rendered":"<div class=\"yoast-breadcrumbs\"><span><span><a href=\"https:\/\/quadtrailsmarrakech.com\/en\/home\/\">Accueil<\/a><\/span> \u00bb <span class=\"breadcrumb_last\" aria-current=\"page\">General FAQs<\/span><\/span><\/div>\n<p>Frequently Asked Questions (FAQ) \u2013 Answers to your frequently asked questions<\/p>\n\n<h2 class=\"wp-block-heading\">Generalities<\/h2>\n\n<h3 class=\"wp-block-heading\"><strong>1- How can I book an excursion?<\/strong><\/h3>\n\n<p>You can book directly online on our website by selecting your preferred activity and filling out the booking form. If you have any questions or need assistance, please don&#8217;t hesitate to contact us or reach out via <a href=\"https:\/\/api.whatsapp.com\/send?phone=212668596716\">WhatsApp<\/a>. <\/p>\n\n<h3 class=\"wp-block-heading\"><strong>2- Do I need to be in good physical shape to participate in the activities?<\/strong><\/h3>\n\n<p>Nos activit\u00e9s sont adapt\u00e9es \u00e0 tous les niveaux de forme physique. <\/p>\n\n<p><a href=\"https:\/\/quadtrailsmarrakech.com\/tour-category\/balades-a-dos-de-chameau-a-marrakech\/\">Camel rides in Marrakech<\/a> &#8211; <a href=\"https:\/\/quadtrailsmarrakech.com\/tour-activity\/quad-marrakech\/\">Quad biking in Marrakech<\/a> &#8211; <strong><a href=\"https:\/\/quadtrailsmarrakech.com\/tour-activity\/diners-spectacles\/\">Dinner shows<\/a><\/strong> &#8211; <strong><a href=\"https:\/\/quadtrailsmarrakech.com\/tour-activity\/piscines-a-marrakech\/\">Swimming pools in Marrakech<\/a><\/strong> &#8211;<a href=\"https:\/\/quadtrailsmarrakech.com\/tour-activity\/visites-familiales\/\"> <strong>Family tours<\/strong><\/a> &#8211; <strong><a href=\"https:\/\/quadtrailsmarrakech.com\/tour-activity\/visites-guidees\/\">Guided tours<\/a><\/strong><\/p>\n\n<h3 class=\"wp-block-heading\"><strong>3- Is the quad bike excursion suitable for beginners?<\/strong><\/h3>\n\n<p>Yes! Our <a href=\"https:\/\/quadtrailsmarrakech.com\/tour-category\/quad-a-marrakech\/\">quad bike excursions<\/a> are suitable for all levels, and our experienced guides will provide you with all the necessary instructions to ensure your safety. <\/p>\n\n<h3 class=\"wp-block-heading\">4- How long does a quad bike ride in Marrakech last?<\/h3>\n\n<p>Our quad bike excursion lasts a full 2 \u200b\u200bhours, including:<\/p>\n\n<ul class=\"wp-block-list\">\n<li>15-minute safety briefing and familiarization session<\/li>\n\n\n\n<li>1 hour 45 minutes of driving through the Palm Grove<\/li>\n\n\n\n<li>Berber tea break included<br\/>Varied terrain: sand, rocky tracks, and desert areas<br\/>Equipment provided: Helmets, gloves, and full insurance<\/li>\n<\/ul>\n\n<h3 class=\"wp-block-heading\">5- What is the fastest way to get from Marrakech to Agafay?<\/h3>\n\n<ul class=\"wp-block-list\">\n<li>Private taxi (recommended): 29 minutes for 250-300 DH<\/li>\n\n\n\n<li>Car rental: approximately 30 minutes<\/li>\n\n\n\n<li>Organized transport: we offer direct shuttle services<\/li>\n<\/ul>\n\n<p>Distance Marrakech-Agafay:<\/p>\n\n<ul class=\"wp-block-list\">\n<li>Actual distance: 31 km<\/li>\n\n\n\n<li>Distance by road: 27.3 km (approximately 30 minutes)<\/li>\n<\/ul>\n\n<h3 class=\"wp-block-heading\">6- What is the distance between Marrakech and Agafay?<\/h3>\n\n<p>The distance between Marrakech and Agafay is 31 km. The distance by road is 27.3 km.<\/p>\n\n<h3 class=\"wp-block-heading\">7- Where to stay near Agafay?<\/h3>\n\n<p>More than 4,182 hotels are available in Agafay. Prices start at 692 dirhams per night.<\/p>\n\n<p><a href=\"https:\/\/www.staysomedays.com\/hotels\/destinations\/afrique\/maroc\/desert-dagafay\">Accommodation options<\/a>: Budget &#8211; Mid-range &#8211; Luxury (premium bivouacs)<\/p>\n\n<h3 class=\"wp-block-heading\">8- What is the price of a buggy in Marrakech?<\/h3>\n\n<p>Quad biking and mountain biking activities in Marrakech<\/p>\n\n<p>Experienced and professional staff, so you can fully enjoy your outings in complete safety. Discover the <strong>prices here<\/strong><\/p>\n\n<h3 class=\"wp-block-heading\">9- What is the best 3-day, 2-night quad biking tour in Marrakech?<\/h3>\n\n<p><strong>2 or 3 days by quad bike\/buggy in the Agafay desert \u2013 Lake Takerkoust, Kik Plateau \u2013 Atlas Mountains, Amizmiz<\/strong><\/p>\n\n<p><strong>Best Quad Bike Tour<\/strong><br\/>Our flagship 3-day\/2-night tour:<\/p>\n\n<ul class=\"wp-block-list\">\n<li>Day 1: Agafay Desert<\/li>\n\n\n\n<li>Day 2: Lake Takerkoust<\/li>\n\n\n\n<li>Day 3: Atlas Mountains<br\/>Included:<\/li>\n\n\n\n<li>Bivouac accommodation<\/li>\n\n\n\n<li>Traditional meals<\/li>\n\n\n\n<li>Professional supervision<\/li>\n<\/ul>\n\n<p><strong>For reservations or further information<\/strong>:<br\/>\ud83d\udcac<a href=\"https:\/\/api.whatsapp.com\/send?phone=212668596716\"> WhatsApp contact available<\/a><\/p>\n\n<p>Tip: Book in advance to guarantee your time slot!<\/p>\n\n<h3 class=\"wp-block-heading\">10- Quad biking in Marrakech: price?<\/h3>\n\n<p>Quad (Pilot) 30 \u20ac<\/p>\n\n<p>Quad bike (driver\/passenger) 55\u20ac<\/p>\n\n<p><em>Check ou<\/em>t our current <strong>quad offers<\/strong>: &#8220;<a href=\"https:\/\/quadtrailsmarrakech.com\/tour\/tour-en-quad-a-marrakech-aventure-dans-le-desert-de-la-palmeraie\/\">Quad Marrakech<\/a>&#8221; to<em> take advantage<\/em> of <em>current promotions!<\/em><\/p>\n\n<h2 class=\"wp-block-heading\">Contact us<\/h2>\n\n<p>If you cannot find the answer to your question here, please do not hesitate to contact us. We&#8217;d be happy to help!<\/p>\n\n<p><a href=\"https:\/\/api.whatsapp.com\/send?phone=212668596716\">Contact us with any questions<\/a><\/p>\n","protected":false},"excerpt":{"rendered":"<p>Frequently Asked Questions (FAQ) \u2013 Answers to your frequently asked questions Generalities 1- How can I book an excursion? You can book directly online on our website by selecting your preferred activity and filling out the booking form. If you have any questions or need assistance, please don&#8217;t hesitate to contact us or reach out [&hellip;]<\/p>\n","protected":false},"author":1,"featured_media":0,"parent":0,"menu_order":0,"comment_status":"closed","ping_status":"closed","template":"","meta":{"footnotes":""},"class_list":["post-7151","page","type-page","status-publish","hentry"],"yoast_head":"<!-- This site is optimized with the Yoast SEO Premium plugin v26.6 (Yoast SEO v26.6) - https:\/\/yoast.com\/wordpress\/plugins\/seo\/ -->\n<title>General FAQs - Quad Trails Marrakech<\/title>\n<meta name=\"description\" content=\"Frequently Asked Questions (FAQ) \u2013 Answers to your frequently asked questions. You can book directly online on our website, by...\" \/>\n<meta name=\"robots\" content=\"index, follow, max-snippet:-1, max-image-preview:large, max-video-preview:-1\" \/>\n<link rel=\"canonical\" href=\"https:\/\/quadtrailsmarrakech.com\/en\/general-faqs\/\" \/>\n<meta property=\"og:locale\" content=\"en_US\" \/>\n<meta property=\"og:type\" content=\"article\" \/>\n<meta property=\"og:title\" content=\"General FAQs\" \/>\n<meta property=\"og:description\" content=\"Frequently Asked Questions (FAQ) \u2013 Answers to your frequently asked questions. You can book directly online on our website, by...\" \/>\n<meta property=\"og:url\" content=\"https:\/\/quadtrailsmarrakech.com\/en\/general-faqs\/\" \/>\n<meta property=\"og:site_name\" content=\"Quad Trails Marrakech\" \/>\n<meta property=\"article:modified_time\" content=\"2025-12-19T02:28:25+00:00\" \/>\n<meta property=\"og:image\" content=\"https:\/\/quadtrailsmarrakech.com\/wp-content\/uploads\/2025\/02\/Quad-trails-marrakech-Logo.webp\" \/>\n\t<meta property=\"og:image:width\" content=\"499\" \/>\n\t<meta property=\"og:image:height\" content=\"500\" \/>\n\t<meta property=\"og:image:type\" content=\"image\/webp\" \/>\n<meta name=\"twitter:card\" content=\"summary_large_image\" \/>\n<meta name=\"twitter:label1\" content=\"Est. reading time\" \/>\n\t<meta name=\"twitter:data1\" content=\"2 minutes\" \/>\n<script type=\"application\/ld+json\" class=\"yoast-schema-graph\">{\"@context\":\"https:\/\/schema.org\",\"@graph\":[{\"@type\":\"WebPage\",\"@id\":\"https:\/\/quadtrailsmarrakech.com\/en\/general-faqs\/\",\"url\":\"https:\/\/quadtrailsmarrakech.com\/en\/general-faqs\/\",\"name\":\"General FAQs - Quad Trails Marrakech\",\"isPartOf\":{\"@id\":\"https:\/\/quadtrailsmarrakech.com\/en\/#website\"},\"datePublished\":\"2025-03-29T03:03:42+00:00\",\"dateModified\":\"2025-12-19T02:28:25+00:00\",\"description\":\"Frequently Asked Questions (FAQ) \u2013 Answers to your frequently asked questions. You can book directly online on our website, by...\",\"breadcrumb\":{\"@id\":\"https:\/\/quadtrailsmarrakech.com\/en\/general-faqs\/#breadcrumb\"},\"inLanguage\":\"en-US\",\"potentialAction\":[{\"@type\":\"ReadAction\",\"target\":[\"https:\/\/quadtrailsmarrakech.com\/en\/general-faqs\/\"]}]},{\"@type\":\"BreadcrumbList\",\"@id\":\"https:\/\/quadtrailsmarrakech.com\/en\/general-faqs\/#breadcrumb\",\"itemListElement\":[{\"@type\":\"ListItem\",\"position\":1,\"name\":\"Accueil\",\"item\":\"https:\/\/quadtrailsmarrakech.com\/en\/home\/\"},{\"@type\":\"ListItem\",\"position\":2,\"name\":\"General FAQs\"}]},{\"@type\":\"WebSite\",\"@id\":\"https:\/\/quadtrailsmarrakech.com\/en\/#website\",\"url\":\"https:\/\/quadtrailsmarrakech.com\/en\/\",\"name\":\"Quad Trails Marrakech\",\"description\":\"Excursions en Quad Marrakech, Buggy et Balades \u00e0 Dos de Chameau\",\"potentialAction\":[{\"@type\":\"SearchAction\",\"target\":{\"@type\":\"EntryPoint\",\"urlTemplate\":\"https:\/\/quadtrailsmarrakech.com\/en\/?s={search_term_string}\"},\"query-input\":{\"@type\":\"PropertyValueSpecification\",\"valueRequired\":true,\"valueName\":\"search_term_string\"}}],\"inLanguage\":\"en-US\"}]}<\/script>\n<!-- \/ Yoast SEO Premium plugin. -->","yoast_head_json":{"title":"General FAQs - Quad Trails Marrakech","description":"Frequently Asked Questions (FAQ) \u2013 Answers to your frequently asked questions. You can book directly online on our website, by...","robots":{"index":"index","follow":"follow","max-snippet":"max-snippet:-1","max-image-preview":"max-image-preview:large","max-video-preview":"max-video-preview:-1"},"canonical":"https:\/\/quadtrailsmarrakech.com\/en\/general-faqs\/","og_locale":"en_US","og_type":"article","og_title":"General FAQs","og_description":"Frequently Asked Questions (FAQ) \u2013 Answers to your frequently asked questions. You can book directly online on our website, by...","og_url":"https:\/\/quadtrailsmarrakech.com\/en\/general-faqs\/","og_site_name":"Quad Trails Marrakech","article_modified_time":"2025-12-19T02:28:25+00:00","og_image":[{"width":499,"height":500,"url":"https:\/\/quadtrailsmarrakech.com\/wp-content\/uploads\/2025\/02\/Quad-trails-marrakech-Logo.webp","type":"image\/webp"}],"twitter_card":"summary_large_image","twitter_misc":{"Est. reading time":"2 minutes"},"schema":{"@context":"https:\/\/schema.org","@graph":[{"@type":"WebPage","@id":"https:\/\/quadtrailsmarrakech.com\/en\/general-faqs\/","url":"https:\/\/quadtrailsmarrakech.com\/en\/general-faqs\/","name":"General FAQs - Quad Trails Marrakech","isPartOf":{"@id":"https:\/\/quadtrailsmarrakech.com\/en\/#website"},"datePublished":"2025-03-29T03:03:42+00:00","dateModified":"2025-12-19T02:28:25+00:00","description":"Frequently Asked Questions (FAQ) \u2013 Answers to your frequently asked questions. You can book directly online on our website, by...","breadcrumb":{"@id":"https:\/\/quadtrailsmarrakech.com\/en\/general-faqs\/#breadcrumb"},"inLanguage":"en-US","potentialAction":[{"@type":"ReadAction","target":["https:\/\/quadtrailsmarrakech.com\/en\/general-faqs\/"]}]},{"@type":"BreadcrumbList","@id":"https:\/\/quadtrailsmarrakech.com\/en\/general-faqs\/#breadcrumb","itemListElement":[{"@type":"ListItem","position":1,"name":"Accueil","item":"https:\/\/quadtrailsmarrakech.com\/en\/home\/"},{"@type":"ListItem","position":2,"name":"General FAQs"}]},{"@type":"WebSite","@id":"https:\/\/quadtrailsmarrakech.com\/en\/#website","url":"https:\/\/quadtrailsmarrakech.com\/en\/","name":"Quad Trails Marrakech","description":"Excursions en Quad Marrakech, Buggy et Balades \u00e0 Dos de Chameau","potentialAction":[{"@type":"SearchAction","target":{"@type":"EntryPoint","urlTemplate":"https:\/\/quadtrailsmarrakech.com\/en\/?s={search_term_string}"},"query-input":{"@type":"PropertyValueSpecification","valueRequired":true,"valueName":"search_term_string"}}],"inLanguage":"en-US"}]}},"_links":{"self":[{"href":"https:\/\/quadtrailsmarrakech.com\/en\/wp-json\/wp\/v2\/pages\/7151","targetHints":{"allow":["GET"]}}],"collection":[{"href":"https:\/\/quadtrailsmarrakech.com\/en\/wp-json\/wp\/v2\/pages"}],"about":[{"href":"https:\/\/quadtrailsmarrakech.com\/en\/wp-json\/wp\/v2\/types\/page"}],"author":[{"embeddable":true,"href":"https:\/\/quadtrailsmarrakech.com\/en\/wp-json\/wp\/v2\/users\/1"}],"replies":[{"embeddable":true,"href":"https:\/\/quadtrailsmarrakech.com\/en\/wp-json\/wp\/v2\/comments?post=7151"}],"version-history":[{"count":1,"href":"https:\/\/quadtrailsmarrakech.com\/en\/wp-json\/wp\/v2\/pages\/7151\/revisions"}],"predecessor-version":[{"id":7152,"href":"https:\/\/quadtrailsmarrakech.com\/en\/wp-json\/wp\/v2\/pages\/7151\/revisions\/7152"}],"wp:attachment":[{"href":"https:\/\/quadtrailsmarrakech.com\/en\/wp-json\/wp\/v2\/media?parent=7151"}],"curies":[{"name":"wp","href":"https:\/\/api.w.org\/{rel}","templated":true}]}}