{"id":7182,"date":"2025-05-22T00:56:27","date_gmt":"2025-05-21T22:56:27","guid":{"rendered":"https:\/\/quadtrailsmarrakech.com\/activities-in-marrakech\/quad-biking-adventures-in-marrakech\/"},"modified":"2025-12-20T18:45:48","modified_gmt":"2025-12-20T17:45:48","slug":"quad-biking-adventures-in-marrakech","status":"publish","type":"page","link":"https:\/\/quadtrailsmarrakech.com\/en\/activities-in-marrakech\/quad-biking-adventures-in-marrakech\/","title":{"rendered":"Quad biking adventures in Marrakech"},"content":{"rendered":"<div class=\"yoast-breadcrumbs\"><span><span><a href=\"https:\/\/quadtrailsmarrakech.com\/en\/home\/\">Accueil<\/a><\/span> \u00bb <span><a href=\"https:\/\/quadtrailsmarrakech.com\/en\/activities-in-marrakech\/\">Activities in Marrakech<\/a><\/span> \u00bb <span class=\"breadcrumb_last\" aria-current=\"page\">Quad biking adventures in Marrakech<\/span><\/span><\/div>\n<h2 class=\"wp-block-heading\">Quad biking in Marrakech<\/h2>\n\n<p>Si vous cherchez des aventures en <strong>quad \u00e0 Marrakech<\/strong>, vous \u00eates au bon endroit ! Marrakech est une destination id\u00e9ale pour explorer les paysages vari\u00e9s du Maroc en quad avec QUAD TRAILS MARRAKECH, alliant d\u00e9sert, palmeraies, villages berb\u00e8res et montagnes de l&#8217;Atlas. Voici tout ce que vous devez savoir pour vivre une exp\u00e9rience inoubliable.  <\/p>\n\n<h3 class=\"wp-block-heading\"><strong>Les Meilleurs <a href=\"https:\/\/quadtrailsmarrakech.com\/tour-tag\/circuit-marrakech\/\">Circuits en Quad<\/a> au D\u00e9part de Marrakech<\/strong><\/h3>\n\n<ol start=\"1\" class=\"wp-block-list\">\n<li><strong><a href=\"https:\/\/quadtrailsmarrakech.com\/tour-category\/palmeraie-package\/\">Marrakech Palm Grove<\/a><\/strong>\n<ul class=\"wp-block-list\">\n<li>Perfect for beginners.<\/li>\n\n\n\n<li>Landscapes of palm trees and varied terrain.<\/li>\n\n\n\n<li>Duration: 1 to 2 hours.<\/li>\n<\/ul>\n<\/li>\n\n\n\n<li><strong><a href=\"https:\/\/quadtrailsmarrakech.com\/tour-category\/agafay-desert-package\/\">Agafay Desert<\/a><\/strong>\n<ul class=\"wp-block-list\">\n<li>Semi-desert terrain with views of the Atlas Mountains.<\/li>\n\n\n\n<li>Option to combine with a <a href=\"https:\/\/quadtrailsmarrakech.com\/tour-category\/excursion-au-coucher-du-soleil\/\">sunset <\/a>or a <a href=\"https:\/\/quadtrailsmarrakech.com\/tour-activity\/diners-spectacles\/\">Berber dinner<\/a>.<\/li>\n\n\n\n<li>Duration: 2 to 4 hours. <\/li>\n<\/ul>\n<\/li>\n<\/ol>\n\n<h2 class=\"wp-block-heading\">Typical Route<\/h2>\n\n<p>1. Pick-up from your hotel (or meeting point) <\/p>\n\n<p>2. Briefing and technical test <\/p>\n\n<p>3. Driving in the desert <\/p>\n\n<p>4. Pause photos\/th\u00e9 dans les dunes <\/p>\n\n<p>5. Return to Marrakech <\/p>\n\n<p><strong><a href=\"https:\/\/api.whatsapp.com\/send?phone=212668596716\">Book your quad bike now!<\/a><\/strong><\/p>\n","protected":false},"excerpt":{"rendered":"<p>Quad biking in Marrakech Si vous cherchez des aventures en quad \u00e0 Marrakech, vous \u00eates au bon endroit ! Marrakech est une destination id\u00e9ale pour explorer les paysages vari\u00e9s du Maroc en quad avec QUAD TRAILS MARRAKECH, alliant d\u00e9sert, palmeraies, villages berb\u00e8res et montagnes de l&#8217;Atlas. Voici tout ce que vous devez savoir pour vivre [&hellip;]<\/p>\n","protected":false},"author":1,"featured_media":7047,"parent":7106,"menu_order":0,"comment_status":"closed","ping_status":"closed","template":"","meta":{"footnotes":""},"class_list":["post-7182","page","type-page","status-publish","has-post-thumbnail","hentry"],"yoast_head":"<!-- This site is optimized with the Yoast SEO Premium plugin v26.6 (Yoast SEO v26.6) - https:\/\/yoast.com\/wordpress\/plugins\/seo\/ -->\n<title>Quad biking adventures in Marrakech - Quad Trails Marrakech<\/title>\n<meta name=\"description\" content=\"Si vous cherchez des aventures en quad \u00e0 Marrakech, vous \u00eates au bon endroit ! Marrakech est une destination id\u00e9ale pour explorer les ...\" \/>\n<meta name=\"robots\" content=\"index, follow, max-snippet:-1, max-image-preview:large, max-video-preview:-1\" \/>\n<link rel=\"canonical\" href=\"https:\/\/quadtrailsmarrakech.com\/en\/activities-in-marrakech\/quad-biking-adventures-in-marrakech\/\" \/>\n<meta property=\"og:locale\" content=\"en_US\" \/>\n<meta property=\"og:type\" content=\"article\" \/>\n<meta property=\"og:title\" content=\"Quad biking adventures in Marrakech\" \/>\n<meta property=\"og:description\" content=\"Si vous cherchez des aventures en quad \u00e0 Marrakech, vous \u00eates au bon endroit ! Marrakech est une destination id\u00e9ale pour explorer les ...\" \/>\n<meta property=\"og:url\" content=\"https:\/\/quadtrailsmarrakech.com\/en\/activities-in-marrakech\/quad-biking-adventures-in-marrakech\/\" \/>\n<meta property=\"og:site_name\" content=\"Quad Trails Marrakech\" \/>\n<meta property=\"article:modified_time\" content=\"2025-12-20T17:45:48+00:00\" \/>\n<meta property=\"og:image\" content=\"https:\/\/quadtrailsmarrakech.com\/wp-content\/uploads\/2025\/05\/Aventures-en-Quad-a-Marrakech.webp\" \/>\n\t<meta property=\"og:image:width\" content=\"700\" \/>\n\t<meta property=\"og:image:height\" content=\"450\" \/>\n\t<meta property=\"og:image:type\" content=\"image\/webp\" \/>\n<meta name=\"twitter:card\" content=\"summary_large_image\" \/>\n<meta name=\"twitter:label1\" content=\"Est. reading time\" \/>\n\t<meta name=\"twitter:data1\" content=\"1 minute\" \/>\n<script type=\"application\/ld+json\" class=\"yoast-schema-graph\">{\"@context\":\"https:\/\/schema.org\",\"@graph\":[{\"@type\":\"WebPage\",\"@id\":\"https:\/\/quadtrailsmarrakech.com\/en\/activities-in-marrakech\/quad-biking-adventures-in-marrakech\/\",\"url\":\"https:\/\/quadtrailsmarrakech.com\/en\/activities-in-marrakech\/quad-biking-adventures-in-marrakech\/\",\"name\":\"Quad biking adventures in Marrakech - Quad Trails Marrakech\",\"isPartOf\":{\"@id\":\"https:\/\/quadtrailsmarrakech.com\/en\/#website\"},\"primaryImageOfPage\":{\"@id\":\"https:\/\/quadtrailsmarrakech.com\/en\/activities-in-marrakech\/quad-biking-adventures-in-marrakech\/#primaryimage\"},\"image\":{\"@id\":\"https:\/\/quadtrailsmarrakech.com\/en\/activities-in-marrakech\/quad-biking-adventures-in-marrakech\/#primaryimage\"},\"thumbnailUrl\":\"https:\/\/quadtrailsmarrakech.com\/wp-content\/uploads\/2025\/05\/Aventures-en-Quad-a-Marrakech.webp\",\"datePublished\":\"2025-05-21T22:56:27+00:00\",\"dateModified\":\"2025-12-20T17:45:48+00:00\",\"description\":\"Si vous cherchez des aventures en quad \u00e0 Marrakech, vous \u00eates au bon endroit ! Marrakech est une destination id\u00e9ale pour explorer les ...\",\"breadcrumb\":{\"@id\":\"https:\/\/quadtrailsmarrakech.com\/en\/activities-in-marrakech\/quad-biking-adventures-in-marrakech\/#breadcrumb\"},\"inLanguage\":\"en-US\",\"potentialAction\":[{\"@type\":\"ReadAction\",\"target\":[\"https:\/\/quadtrailsmarrakech.com\/en\/activities-in-marrakech\/quad-biking-adventures-in-marrakech\/\"]}]},{\"@type\":\"ImageObject\",\"inLanguage\":\"en-US\",\"@id\":\"https:\/\/quadtrailsmarrakech.com\/en\/activities-in-marrakech\/quad-biking-adventures-in-marrakech\/#primaryimage\",\"url\":\"https:\/\/quadtrailsmarrakech.com\/wp-content\/uploads\/2025\/05\/Aventures-en-Quad-a-Marrakech.webp\",\"contentUrl\":\"https:\/\/quadtrailsmarrakech.com\/wp-content\/uploads\/2025\/05\/Aventures-en-Quad-a-Marrakech.webp\",\"width\":700,\"height\":450,\"caption\":\"Exciting quad adventures in the Marrakech desert\"},{\"@type\":\"BreadcrumbList\",\"@id\":\"https:\/\/quadtrailsmarrakech.com\/en\/activities-in-marrakech\/quad-biking-adventures-in-marrakech\/#breadcrumb\",\"itemListElement\":[{\"@type\":\"ListItem\",\"position\":1,\"name\":\"Accueil\",\"item\":\"https:\/\/quadtrailsmarrakech.com\/en\/home\/\"},{\"@type\":\"ListItem\",\"position\":2,\"name\":\"Activities in Marrakech\",\"item\":\"https:\/\/quadtrailsmarrakech.com\/en\/activities-in-marrakech\/\"},{\"@type\":\"ListItem\",\"position\":3,\"name\":\"Quad biking adventures in Marrakech\"}]},{\"@type\":\"WebSite\",\"@id\":\"https:\/\/quadtrailsmarrakech.com\/en\/#website\",\"url\":\"https:\/\/quadtrailsmarrakech.com\/en\/\",\"name\":\"Quad Trails Marrakech\",\"description\":\"Excursions en Quad Marrakech, Buggy et Balades \u00e0 Dos de Chameau\",\"potentialAction\":[{\"@type\":\"SearchAction\",\"target\":{\"@type\":\"EntryPoint\",\"urlTemplate\":\"https:\/\/quadtrailsmarrakech.com\/en\/?s={search_term_string}\"},\"query-input\":{\"@type\":\"PropertyValueSpecification\",\"valueRequired\":true,\"valueName\":\"search_term_string\"}}],\"inLanguage\":\"en-US\"}]}<\/script>\n<!-- \/ Yoast SEO Premium plugin. -->","yoast_head_json":{"title":"Quad biking adventures in Marrakech - Quad Trails Marrakech","description":"Si vous cherchez des aventures en quad \u00e0 Marrakech, vous \u00eates au bon endroit ! Marrakech est une destination id\u00e9ale pour explorer les ...","robots":{"index":"index","follow":"follow","max-snippet":"max-snippet:-1","max-image-preview":"max-image-preview:large","max-video-preview":"max-video-preview:-1"},"canonical":"https:\/\/quadtrailsmarrakech.com\/en\/activities-in-marrakech\/quad-biking-adventures-in-marrakech\/","og_locale":"en_US","og_type":"article","og_title":"Quad biking adventures in Marrakech","og_description":"Si vous cherchez des aventures en quad \u00e0 Marrakech, vous \u00eates au bon endroit ! Marrakech est une destination id\u00e9ale pour explorer les ...","og_url":"https:\/\/quadtrailsmarrakech.com\/en\/activities-in-marrakech\/quad-biking-adventures-in-marrakech\/","og_site_name":"Quad Trails Marrakech","article_modified_time":"2025-12-20T17:45:48+00:00","og_image":[{"width":700,"height":450,"url":"https:\/\/quadtrailsmarrakech.com\/wp-content\/uploads\/2025\/05\/Aventures-en-Quad-a-Marrakech.webp","type":"image\/webp"}],"twitter_card":"summary_large_image","twitter_misc":{"Est. reading time":"1 minute"},"schema":{"@context":"https:\/\/schema.org","@graph":[{"@type":"WebPage","@id":"https:\/\/quadtrailsmarrakech.com\/en\/activities-in-marrakech\/quad-biking-adventures-in-marrakech\/","url":"https:\/\/quadtrailsmarrakech.com\/en\/activities-in-marrakech\/quad-biking-adventures-in-marrakech\/","name":"Quad biking adventures in Marrakech - Quad Trails Marrakech","isPartOf":{"@id":"https:\/\/quadtrailsmarrakech.com\/en\/#website"},"primaryImageOfPage":{"@id":"https:\/\/quadtrailsmarrakech.com\/en\/activities-in-marrakech\/quad-biking-adventures-in-marrakech\/#primaryimage"},"image":{"@id":"https:\/\/quadtrailsmarrakech.com\/en\/activities-in-marrakech\/quad-biking-adventures-in-marrakech\/#primaryimage"},"thumbnailUrl":"https:\/\/quadtrailsmarrakech.com\/wp-content\/uploads\/2025\/05\/Aventures-en-Quad-a-Marrakech.webp","datePublished":"2025-05-21T22:56:27+00:00","dateModified":"2025-12-20T17:45:48+00:00","description":"Si vous cherchez des aventures en quad \u00e0 Marrakech, vous \u00eates au bon endroit ! Marrakech est une destination id\u00e9ale pour explorer les ...","breadcrumb":{"@id":"https:\/\/quadtrailsmarrakech.com\/en\/activities-in-marrakech\/quad-biking-adventures-in-marrakech\/#breadcrumb"},"inLanguage":"en-US","potentialAction":[{"@type":"ReadAction","target":["https:\/\/quadtrailsmarrakech.com\/en\/activities-in-marrakech\/quad-biking-adventures-in-marrakech\/"]}]},{"@type":"ImageObject","inLanguage":"en-US","@id":"https:\/\/quadtrailsmarrakech.com\/en\/activities-in-marrakech\/quad-biking-adventures-in-marrakech\/#primaryimage","url":"https:\/\/quadtrailsmarrakech.com\/wp-content\/uploads\/2025\/05\/Aventures-en-Quad-a-Marrakech.webp","contentUrl":"https:\/\/quadtrailsmarrakech.com\/wp-content\/uploads\/2025\/05\/Aventures-en-Quad-a-Marrakech.webp","width":700,"height":450,"caption":"Exciting quad adventures in the Marrakech desert"},{"@type":"BreadcrumbList","@id":"https:\/\/quadtrailsmarrakech.com\/en\/activities-in-marrakech\/quad-biking-adventures-in-marrakech\/#breadcrumb","itemListElement":[{"@type":"ListItem","position":1,"name":"Accueil","item":"https:\/\/quadtrailsmarrakech.com\/en\/home\/"},{"@type":"ListItem","position":2,"name":"Activities in Marrakech","item":"https:\/\/quadtrailsmarrakech.com\/en\/activities-in-marrakech\/"},{"@type":"ListItem","position":3,"name":"Quad biking adventures in Marrakech"}]},{"@type":"WebSite","@id":"https:\/\/quadtrailsmarrakech.com\/en\/#website","url":"https:\/\/quadtrailsmarrakech.com\/en\/","name":"Quad Trails Marrakech","description":"Excursions en Quad Marrakech, Buggy et Balades \u00e0 Dos de Chameau","potentialAction":[{"@type":"SearchAction","target":{"@type":"EntryPoint","urlTemplate":"https:\/\/quadtrailsmarrakech.com\/en\/?s={search_term_string}"},"query-input":{"@type":"PropertyValueSpecification","valueRequired":true,"valueName":"search_term_string"}}],"inLanguage":"en-US"}]}},"_links":{"self":[{"href":"https:\/\/quadtrailsmarrakech.com\/en\/wp-json\/wp\/v2\/pages\/7182","targetHints":{"allow":["GET"]}}],"collection":[{"href":"https:\/\/quadtrailsmarrakech.com\/en\/wp-json\/wp\/v2\/pages"}],"about":[{"href":"https:\/\/quadtrailsmarrakech.com\/en\/wp-json\/wp\/v2\/types\/page"}],"author":[{"embeddable":true,"href":"https:\/\/quadtrailsmarrakech.com\/en\/wp-json\/wp\/v2\/users\/1"}],"replies":[{"embeddable":true,"href":"https:\/\/quadtrailsmarrakech.com\/en\/wp-json\/wp\/v2\/comments?post=7182"}],"version-history":[{"count":1,"href":"https:\/\/quadtrailsmarrakech.com\/en\/wp-json\/wp\/v2\/pages\/7182\/revisions"}],"predecessor-version":[{"id":7183,"href":"https:\/\/quadtrailsmarrakech.com\/en\/wp-json\/wp\/v2\/pages\/7182\/revisions\/7183"}],"up":[{"embeddable":true,"href":"https:\/\/quadtrailsmarrakech.com\/en\/wp-json\/wp\/v2\/pages\/7106"}],"wp:featuredmedia":[{"embeddable":true,"href":"https:\/\/quadtrailsmarrakech.com\/en\/wp-json\/wp\/v2\/media\/7047"}],"wp:attachment":[{"href":"https:\/\/quadtrailsmarrakech.com\/en\/wp-json\/wp\/v2\/media?parent=7182"}],"curies":[{"name":"wp","href":"https:\/\/api.w.org\/{rel}","templated":true}]}}